{"id":3741,"date":"2024-01-18T05:53:33","date_gmt":"2024-01-18T05:53:33","guid":{"rendered":"http:\/\/192.168.0.130:10049\/?page_id=3741"},"modified":"2024-09-05T08:56:04","modified_gmt":"2024-09-05T08:56:04","slug":"hakkimizda","status":"publish","type":"page","link":"https:\/\/zaferdemircelik.com\/en\/hakkimizda\/","title":{"rendered":"About Us"},"content":{"rendered":"<div data-elementor-type=\"wp-page\" data-elementor-id=\"3741\" class=\"elementor elementor-3741\">\n\t\t\t\t\r\n\t\t<div class=\"default no-position show_shadow rs-sticky-default elementor-element elementor-element-7b9c0bc e-flex e-con-boxed e-con e-parent\" data-id=\"7b9c0bc\" data-element_type=\"container\">\n\t\t\t\t\t<div class=\"e-con-inner\">\n\t\t\r\n\t\t<div class=\"default no-position show_shadow rs-sticky-default elementor-element elementor-element-9443112 e-con-full e-flex e-con e-child\" data-id=\"9443112\" data-element_type=\"container\">\n\t\t\r\n\t\t\t\t<div class=\"elementor-element elementor-element-4b53854 elementor-widget__width-auto elementor-absolute elementor-hidden-mobile elementor-widget elementor-widget-rs-counter\" data-id=\"4b53854\" data-element_type=\"widget\" data-settings=\"{&quot;_position&quot;:&quot;absolute&quot;}\" data-widget_type=\"rs-counter.default\">\n\t\t\t\t<div class=\"elementor-widget-container\">\n\t\t\t\t\t\t\t\t\t\t<div class=\"counter-top-area\">\r\n\t\t\t\t<div class=\"rs-counter-list\">\r\n\t\t\t\t\t\t\t\t\t\t<div class=\"count-text\">\r\n\t\t\t\t\t\t<div class=\"count-number\">\r\n\t\t\t\t\t\t\t\t\t\t\t\t\t\t\t<span class=\"rs-counter odometer\" data-count=\"50\">00<\/span>\r\n\t\t\t\t\t\t\t\t\t\t\t\t\t\t\t<span class=\"prefix\">\r\n\t\t\t\t\t\t\t\t\t+\t\t\t\t\t\t\t\t<\/span>\r\n\t\t\t\t\t\t\t\t\t\t\t\t\t<\/div>\r\n\t\t\t\t\t\t\t\t\t\t\t\t\t<span class=\"title\">Years of Experience<\/span>\r\n\t\t\t\t\t\t\t\t\t\t\t<\/div>\r\n\t\t\t\t<\/div>\r\n\t\t\t<\/div>\r\n\t\t\t\t\t\t<\/div>\n\t\t\t\t<\/div>\n\t\t\r\n\t\t\t\t<div class=\"elementor-element elementor-element-6b90556 elementor-widget__width-auto elementor-invisible elementor-widget elementor-widget-image\" data-id=\"6b90556\" data-element_type=\"widget\" data-settings=\"{&quot;_animation&quot;:&quot;fadeInLeft&quot;}\" data-widget_type=\"image.default\">\n\t\t\t\t<div class=\"elementor-widget-container\">\n\t\t\t\t\t\t\t\t\t\t\t\t\t\t\t<img fetchpriority=\"high\" decoding=\"async\" width=\"640\" height=\"427\" src=\"https:\/\/zaferdemircelik.com\/wp-content\/uploads\/2024\/09\/aa82a88a58.jpg\" class=\"attachment-large size-large wp-image-30893\" alt=\"\" srcset=\"https:\/\/zaferdemircelik.com\/wp-content\/uploads\/2024\/09\/aa82a88a58.jpg 1000w, https:\/\/zaferdemircelik.com\/wp-content\/uploads\/2024\/09\/aa82a88a58-300x200.jpg 300w, https:\/\/zaferdemircelik.com\/wp-content\/uploads\/2024\/09\/aa82a88a58-768x512.jpg 768w, https:\/\/zaferdemircelik.com\/wp-content\/uploads\/2024\/09\/aa82a88a58-600x400.jpg 600w\" sizes=\"(max-width: 640px) 100vw, 640px\" \/>\t\t\t\t\t\t\t\t\t\t\t\t\t\t\t<\/div>\n\t\t\t\t<\/div>\n\t\t\r\n\t\t\t\t<div class=\"elementor-element elementor-element-0a2ba66 elementor-widget__width-auto elementor-absolute elementor-hidden-tablet elementor-hidden-mobile elementor-invisible elementor-widget elementor-widget-image\" data-id=\"0a2ba66\" data-element_type=\"widget\" data-settings=\"{&quot;_animation&quot;:&quot;fadeInLeft&quot;,&quot;_position&quot;:&quot;absolute&quot;}\" data-widget_type=\"image.default\">\n\t\t\t\t<div class=\"elementor-widget-container\">\n\t\t\t\t\t\t\t\t\t\t\t\t\t\t\t<img decoding=\"async\" width=\"640\" height=\"417\" src=\"https:\/\/zaferdemircelik.com\/wp-content\/uploads\/2024\/09\/4fc8b918c5.jpg\" class=\"attachment-large size-large wp-image-30907\" alt=\"\" srcset=\"https:\/\/zaferdemircelik.com\/wp-content\/uploads\/2024\/09\/4fc8b918c5.jpg 1000w, https:\/\/zaferdemircelik.com\/wp-content\/uploads\/2024\/09\/4fc8b918c5-300x196.jpg 300w, https:\/\/zaferdemircelik.com\/wp-content\/uploads\/2024\/09\/4fc8b918c5-768x501.jpg 768w, https:\/\/zaferdemircelik.com\/wp-content\/uploads\/2024\/09\/4fc8b918c5-413x269.jpg 413w, https:\/\/zaferdemircelik.com\/wp-content\/uploads\/2024\/09\/4fc8b918c5-600x391.jpg 600w\" sizes=\"(max-width: 640px) 100vw, 640px\" \/>\t\t\t\t\t\t\t\t\t\t\t\t\t\t\t<\/div>\n\t\t\t\t<\/div>\n\t\t\r\n\t\t<div class=\"default no-position show_shadow rs-sticky-default elementor-element elementor-element-419a1ac e-con-full elementor-hidden-mobile e-flex e-con e-child\" data-id=\"419a1ac\" data-element_type=\"container\" data-settings=\"{&quot;background_background&quot;:&quot;classic&quot;,&quot;position&quot;:&quot;absolute&quot;}\">\n\t\t\r\n\t\t\t\t<div class=\"elementor-element elementor-element-07d2825 elementor-invisible elementor-widget elementor-widget-rs-image\" data-id=\"07d2825\" data-element_type=\"widget\" data-settings=\"{&quot;_animation&quot;:&quot;fadeInUp&quot;}\" data-widget_type=\"rs-image.default\">\n\t\t\t\t<div class=\"elementor-widget-container\">\n\t\t\t\t\t\n        <div class=\"rs-image no ruler_image_no ruler_position_\">\n                                                            <img decoding=\"async\" class=\"rs-multi-image  reverse- blend_unset\" src=\"https:\/\/zaferdemircelik.com\/wp-content\/uploads\/2024\/09\/b3088981ea.jpg\" alt=\"image\"\/>\n                                                                        <\/div>   \n          \n    \t\t\t\t<\/div>\n\t\t\t\t<\/div>\n\t\t\t\t<\/div>\n\t\t\t\t<\/div>\n\t\t\r\n\t\t<div class=\"default no-position show_shadow rs-sticky-default elementor-element elementor-element-16ba86a e-flex e-con-boxed e-con e-child\" data-id=\"16ba86a\" data-element_type=\"container\">\n\t\t\t\t\t<div class=\"e-con-inner\">\n\t\t\r\n\t\t\t\t<div class=\"elementor-element elementor-element-dd22eb9 elementor-widget__width-initial elementor-widget elementor-widget-rs-heading\" data-id=\"dd22eb9\" data-element_type=\"widget\" data-widget_type=\"rs-heading.default\">\n\t\t\t\t<div class=\"elementor-widget-container\">\n\t\t\t\t\t\n\t\t<div class=\"prelements-heading style1  left\">\n\t\t\t<div class=\"title-inner\">\n\t\t\t\t<h2 class=\"title rs-split-text-enable split-in-fade\">We have been serving with trust, quality and experience since 1974.<\/h2>\n\t\t\t<\/div>\n\t\t\t\t\t\t\t<div class=\"description\">\n\t\t\t\t\t<p>Founded in 1974 by M. Zafer \u00d6zdo\u011fan, ZDC ZAFER IRON AND STEEL INDUSTRY AND TRADE CO. LTD. operates in the iron and steel sector. Having gained a solid place in the qualified steel sector, ZDC provides quality product supply, reliability and meticulousness in material sales and provides risk-free purchase\/sale. With our long-standing experience, we provide services in the sales and marketing of carbon and structural steels and alloyed tool steels used in the defense and manufacturing industry, machinery, mold and automotive sectors.<br \/><br \/>ZDC has adopted a risk-free sales approach by providing pre-sales consultancy to its customers thanks to the extensive product knowledge and experience it has developed over the years. We continue to respond to the needs of the sector in the selection of the right steel materials, cost-effective alternative material suggestions and technical support. We are constantly developing our product range and service approach by making significant breakthroughs in the sector.<\/p>\t\t\t\t<\/div>\n\t\t\t\t\t<\/div>\n\t\t\t\t<\/div>\n\t\t\t\t<\/div>\n\t\t\t\t\t<\/div>\n\t\t\t\t<\/div>\n\t\t\t\t\t<\/div>\n\t\t\t\t<\/div>\n\t\t\r\n\t\t<div class=\"default no-position show_shadow rs-sticky-default elementor-element elementor-element-cc1fca0 e-flex e-con-boxed e-con e-parent\" data-id=\"cc1fca0\" data-element_type=\"container\">\n\t\t\t\t\t<div class=\"e-con-inner\">\n\t\t\r\n\t\t<div class=\"default no-position show_shadow rs-sticky-default elementor-element elementor-element-fb5873b e-con-full e-flex e-con e-child\" data-id=\"fb5873b\" data-element_type=\"container\">\n\t\t\r\n\t\t\t\t<div class=\"elementor-element elementor-element-c6bdcf8 elementor-widget__width-initial elementor-widget elementor-widget-rs-heading\" data-id=\"c6bdcf8\" data-element_type=\"widget\" data-widget_type=\"rs-heading.default\">\n\t\t\t\t<div class=\"elementor-widget-container\">\n\t\t\t\t\t\n\t\t<div class=\"prelements-heading style1  left\">\n\t\t\t<div class=\"title-inner\">\n\t\t\t\t<h2 class=\"title rs-split-text-enable split-in-fade\">Mission<\/h2>\n\t\t\t<\/div>\n\t\t\t\t\t\t\t<div class=\"description\">\n\t\t\t\t\t<p>As ZDC ZAFER IRON AND STEEL INDUSTRY AND TRADE CO. LTD. Our mission is to provide our customers with the highest quality, reliability and meticulousness in qualified steel. We specialize in the correct selection and supply of steel materials used in the defense and manufacturing industry, machinery, mold and automotive sectors, and offer our customers risk-free and effective solutions. With our continuous development and innovative service approach, we work to adapt to the changing needs of the sector and meet the expectations of our customers at the highest level.<\/p>\t\t\t\t<\/div>\n\t\t\t\t\t<\/div>\n\t\t\t\t<\/div>\n\t\t\t\t<\/div>\n\t\t\r\n\t\t\t\t<div class=\"elementor-element elementor-element-a61f42a elementor-widget__width-initial elementor-widget elementor-widget-rs-heading\" data-id=\"a61f42a\" data-element_type=\"widget\" data-widget_type=\"rs-heading.default\">\n\t\t\t\t<div class=\"elementor-widget-container\">\n\t\t\t\t\t\n\t\t<div class=\"prelements-heading style1  left\">\n\t\t\t<div class=\"title-inner\">\n\t\t\t\t<h2 class=\"title rs-split-text-enable split-in-fade\">Vision<\/h2>\n\t\t\t<\/div>\n\t\t\t\t\t\t\t<div class=\"description\">\n\t\t\t\t\t<p>ZDC has many years of experience in the sales and marketing of carbon and structural steels and alloy tool steels used in the defense and manufacturing industry, machinery, mold and automotive sectors. It provides pre-sales consultancy to its customers, providing the right steel material selection, alternative material suggestions and technical support.<\/p><p>Having developed its product range and service approach in recent years, ZDC continues its activities with an increasing business volume by adapting to the needs of the sector.<\/p>\t\t\t\t<\/div>\n\t\t\t\t\t<\/div>\n\t\t\t\t<\/div>\n\t\t\t\t<\/div>\n\t\t\t\t<\/div>\n\t\t\r\n\t\t<div class=\"default no-position show_shadow rs-sticky-default elementor-element elementor-element-f97fc81 e-con-full e-flex e-con e-child\" data-id=\"f97fc81\" data-element_type=\"container\">\n\t\t\r\n\t\t\t\t<div class=\"elementor-element elementor-element-022c994 elementor-widget__width-auto elementor-hidden-tablet elementor-hidden-mobile elementor-invisible elementor-widget elementor-widget-image\" data-id=\"022c994\" data-element_type=\"widget\" data-settings=\"{&quot;_animation&quot;:&quot;fadeInLeft&quot;}\" data-widget_type=\"image.default\">\n\t\t\t\t<div class=\"elementor-widget-container\">\n\t\t\t\t\t\t\t\t\t\t\t\t\t\t\t<img decoding=\"async\" width=\"640\" height=\"427\" src=\"https:\/\/zaferdemircelik.com\/wp-content\/uploads\/2024\/08\/cubuk.jpg\" class=\"attachment-large size-large wp-image-30444\" alt=\"\" srcset=\"https:\/\/zaferdemircelik.com\/wp-content\/uploads\/2024\/08\/cubuk.jpg 1024w, https:\/\/zaferdemircelik.com\/wp-content\/uploads\/2024\/08\/cubuk-300x200.jpg 300w, https:\/\/zaferdemircelik.com\/wp-content\/uploads\/2024\/08\/cubuk-768x512.jpg 768w, https:\/\/zaferdemircelik.com\/wp-content\/uploads\/2024\/08\/cubuk-600x400.jpg 600w\" sizes=\"(max-width: 640px) 100vw, 640px\" \/>\t\t\t\t\t\t\t\t\t\t\t\t\t\t\t<\/div>\n\t\t\t\t<\/div>\n\t\t\r\n\t\t<div class=\"default no-position show_shadow rs-sticky-default elementor-element elementor-element-dc9a610 e-con-full elementor-hidden-mobile e-flex e-con e-child\" data-id=\"dc9a610\" data-element_type=\"container\" data-settings=\"{&quot;background_background&quot;:&quot;classic&quot;,&quot;position&quot;:&quot;absolute&quot;}\">\n\t\t\r\n\t\t\t\t<div class=\"elementor-element elementor-element-f9d3c64 elementor-invisible elementor-widget elementor-widget-rs-image\" data-id=\"f9d3c64\" data-element_type=\"widget\" data-settings=\"{&quot;_animation&quot;:&quot;fadeInUp&quot;}\" data-widget_type=\"rs-image.default\">\n\t\t\t\t<div class=\"elementor-widget-container\">\n\t\t\t\t\t\n        <div class=\"rs-image no ruler_image_no ruler_position_\">\n                                                            <img decoding=\"async\" class=\"rs-multi-image  reverse- blend_unset\" src=\"https:\/\/zaferdemircelik.com\/wp-content\/uploads\/2024\/09\/5396d0e6e0.jpg\" alt=\"image\"\/>\n                                                                        <\/div>   \n          \n    \t\t\t\t<\/div>\n\t\t\t\t<\/div>\n\t\t\t\t<\/div>\n\t\t\t\t<\/div>\n\t\t\t\t\t<\/div>\n\t\t\t\t<\/div>\n\t\t\t\t<\/div>","protected":false},"excerpt":{"rendered":"<p>00 + Y\u0131ll\u0131k Tecr\u00fcbe 1974&#8217;ten bu yana g\u00fcven, kalite ve tecr\u00fcbe ile hizmet veriyoruz. 1974 y\u0131l\u0131nda M. Zafer \u00d6zdo\u011fan taraf\u0131ndan kurulan ZDC ZAFER DEM\u0130R \u00c7EL\u0130K SAN. T\u0130C. LTD. \u015eT\u0130, demir \u00e7elik sekt\u00f6r\u00fcnde faaliyet g\u00f6stermektedir. Vas\u0131fl\u0131 \u00e7elik sekt\u00f6r\u00fcnde kendine sa\u011flam bir yer edinen ZDC, kaliteli \u00fcr\u00fcn temini, g\u00fcvenilirlik ve titizlikle malzeme sat\u0131\u015f\u0131nda risksiz al\u0131m\/sat\u0131m sa\u011flamaktad\u0131r. Uzun&#8230;<\/p>","protected":false},"author":1,"featured_media":0,"parent":0,"menu_order":0,"comment_status":"closed","ping_status":"closed","template":"elementor_header_footer","meta":{"footnotes":""},"class_list":["post-3741","page","type-page","status-publish","hentry"],"_links":{"self":[{"href":"https:\/\/zaferdemircelik.com\/en\/wp-json\/wp\/v2\/pages\/3741","targetHints":{"allow":["GET"]}}],"collection":[{"href":"https:\/\/zaferdemircelik.com\/en\/wp-json\/wp\/v2\/pages"}],"about":[{"href":"https:\/\/zaferdemircelik.com\/en\/wp-json\/wp\/v2\/types\/page"}],"author":[{"embeddable":true,"href":"https:\/\/zaferdemircelik.com\/en\/wp-json\/wp\/v2\/users\/1"}],"replies":[{"embeddable":true,"href":"https:\/\/zaferdemircelik.com\/en\/wp-json\/wp\/v2\/comments?post=3741"}],"version-history":[{"count":89,"href":"https:\/\/zaferdemircelik.com\/en\/wp-json\/wp\/v2\/pages\/3741\/revisions"}],"predecessor-version":[{"id":31180,"href":"https:\/\/zaferdemircelik.com\/en\/wp-json\/wp\/v2\/pages\/3741\/revisions\/31180"}],"wp:attachment":[{"href":"https:\/\/zaferdemircelik.com\/en\/wp-json\/wp\/v2\/media?parent=3741"}],"curies":[{"name":"wp","href":"https:\/\/api.w.org\/{rel}","templated":true}]}}