{"id":30135,"date":"2024-08-02T08:21:45","date_gmt":"2024-08-02T08:21:45","guid":{"rendered":"https:\/\/zaferdemircelik.com\/?page_id=30135"},"modified":"2024-09-05T09:02:31","modified_gmt":"2024-09-05T09:02:31","slug":"hesaplama","status":"publish","type":"page","link":"https:\/\/zaferdemircelik.com\/en\/hesaplama\/","title":{"rendered":"Calculation"},"content":{"rendered":"<div data-elementor-type=\"wp-page\" data-elementor-id=\"30135\" class=\"elementor elementor-30135\">\n\t\t\t\t\r\n\t\t<div class=\"default no-position show_shadow rs-sticky-default elementor-element elementor-element-d660892 e-flex e-con-boxed e-con e-parent\" data-id=\"d660892\" data-element_type=\"container\">\n\t\t\t\t\t<div class=\"e-con-inner\">\n\t\t\r\n\t\t\t\t<div class=\"elementor-element elementor-element-53d5e1c elementor-alert-warning elementor-widget elementor-widget-alert\" data-id=\"53d5e1c\" data-element_type=\"widget\" data-widget_type=\"alert.default\">\n\t\t\t\t<div class=\"elementor-widget-container\">\n\t\t\t\t\t\t\t<div class=\"elementor-alert\" role=\"alert\">\n\n\t\t\t\t\t\t<span class=\"elementor-alert-title\">*Important Information<\/span>\n\t\t\t\n\t\t\t\t\t\t<span class=\"elementor-alert-description\">For correct calculation, please fill in all fields and enter in mm.<\/span>\n\t\t\t\n\t\t\t\n\t\t<\/div>\n\t\t\t\t\t\t<\/div>\n\t\t\t\t<\/div>\n\t\t\r\n\t\t\t\t<div class=\"elementor-element elementor-element-9098e5b elementor-hidden-tablet elementor-hidden-mobile elementor-widget elementor-widget-html\" data-id=\"9098e5b\" data-element_type=\"widget\" data-widget_type=\"html.default\">\n\t\t\t\t<div class=\"elementor-widget-container\">\n\t\t\t\t\t <script>\n        function handleFocus(input) {\n            if (input.value === input.getAttribute('placeholder')) {\n                input.value = '';\n                input.classList.remove('placeholder');\n            }\n        }\n\n        function handleBlur(input) {\n            if (input.value === '') {\n                input.value = input.getAttribute('placeholder');\n                input.classList.add('placeholder');\n            }\n        }\n\n        document.addEventListener(\"DOMContentLoaded\", function() {\n            var inputs = document.querySelectorAll('input[type=\"text\"]');\n            inputs.forEach(function(input) {\n                var realValue = input.getAttribute('value');\n                if (realValue === '') {\n                    input.value = input.getAttribute('placeholder');\n                    input.classList.add('placeholder');\n                } else {\n                    input.value = input.getAttribute('placeholder');\n                    input.dataset.realValue = realValue; \/\/ Ger\u00e7ek de\u011feri saklay\u0131n\n                    input.classList.add('placeholder');\n                }\n                \n                input.addEventListener('focus', function() {\n                    if (input.value === input.getAttribute('placeholder')) {\n                        input.value = '';\n                        input.classList.remove('placeholder');\n                    }\n                });\n                input.addEventListener('blur', function() {\n                    if (input.value === '') {\n                        input.value = input.getAttribute('placeholder');\n                        input.classList.add('placeholder');\n                    }\n                });\n            });\n        });\n    <\/script>\n\n<form action=\"#\" method=\"post\" id=\"form1\" name=\"form1\" data-trp-original-action=\"#\">\n<div id=\"ana\" style=\"display:flex;flex-direction: row;    justify-content: space-between;\">\n <div class=\"col-md-6\" style=\"padding:20px;\">  \n<div id=\"cins_alan\">\n<div class=\"veri\">\n<select name=\"cins\" id=\"cins\" onchange=\"hesapla(); bosalt();\" class=\"uzunluk1 input form-control\" style=\"padding:15px;border-color:#293651;margin-bottom:20px;\">\n<option value=\"0\" selected=\"selected\">Select Section<\/option>\n<option value=\"1\">Round<\/option>\n<option value=\"2\">Hexagon<\/option>\n<option value=\"3\">Square<\/option>\n<option value=\"4\">Pipe<\/option>\n<option value=\"5\">Lama<\/option>\n<\/select>\n<\/div>\n<\/div>\n\n<div id=\"cap_alan\" style=\"display: none;\">\n\n<div class=\"veri\">\n<input name=\"cap\" type=\"text\" id=\"cap\" value=\"0\" placeholder=\"Enter Diameter Value*\" onblur=\"change2('cap', '');\" onclick=\"del('cap', '')\" onfocus=\"del('cap', '')\" onchange=\"hesapla()\" onkeypress=\"return isNumberKey(event)\" class=\"uzunluk input form-control\" style=\"border-color:#293651;\">\n<\/div>\n<\/div>\n\n\n <div id=\"dis_ceper_alan\" style=\"display: none;\">\n \n<div class=\"veri\"><input name=\"dis_ceper\" type=\"text\" id=\"dis_ceper\" value=\"0\" placeholder=\"Enter Outer Diameter Value*\" onchange=\"hesapla()\" onblur=\"change2('dis_ceper', '');\" onclick=\"del('dis_ceper', '')\" onfocus=\"del('dis_ceper', '')\" onkeypress=\"return isNumberKey(event)\" class=\"uzunluk input form-control\" style=\"border-color:#293651;\">\n<\/div>\n<\/div>\n\n\n<div id=\"et_kalinlik_alan\" style=\"display: none;\">\n\n<div class=\"veri\"><input name=\"et_kalinlik\" type=\"text\" id=\"et_kalinlik\" value=\"0\" placeholder=\"Enter the Wall Thickness Value*\" onchange=\"hesapla()\" onblur=\"change2('et_kalinlik', '');\" onclick=\"del('et_kalinlik', '')\" onfocus=\"del('et_kalinlik', '')\" onkeypress=\"return isNumberKey(event)\" class=\"uzunluk input form-control\" style=\"border-color:#293651;\">\n <\/div>\n <\/div>\n                                                                    \n<div id=\"en_alan\" style=\"display: block;\">\n\n<div class=\"veri\"><input name=\"en\" type=\"text\" id=\"en\" value=\"0\" placeholder=\"Enter the Maximum Value*\" onchange=\"hesapla()\" onblur=\"change2('en', '');\" onclick=\"del('en', '')\" onfocus=\"del('en', '')\" onkeypress=\"return isNumberKey(event)\" class=\"uzunluk input form-control\" style=\"border-color:#293651;\">\n<\/div>\n <\/div>\n \n <div id=\"kalinlik_alan\" style=\"display: block;\">\n\n<div class=\"veri\"><input name=\"kalinlik\" type=\"text\" id=\"kalinlik\" value=\"0\" placeholder=\"Enter Thickness Value*\" onchange=\"hesapla()\" onblur=\"change2('kalinlik', '');\" onclick=\"del('kalinlik', '')\" onfocus=\"del('kalinlik', '')\" onkeypress=\"return isNumberKey(event)\" class=\"uzunluk input form-control\" style=\"border-color:#293651;\">\n<\/div>\n <\/div>\n \n <div id=\"boy_alan\">\n\n<div class=\"veri\"><input name=\"boy\" type=\"text\" id=\"boy\" value=\"0\" placeholder=\"Enter Height Value*\" onchange=\"hesapla()\" onblur=\"change2('boy', '');\" onclick=\"del('boy', '')\" onfocus=\"del('boy', '')\" onkeypress=\"return isNumberKey(event)\" class=\"uzunluk input form-control\" style=\"border-color:#293651;\">\n<\/div>\n <\/div>\n \n \n<div id=\"adet_alan\">\n\n<div class=\"veri\"><input name=\"adet\" type=\"text\" id=\"adet\" value=\"0\" placeholder=\"Enter Quantity Value*\" onchange=\"hesapla()\" onblur=\"change2('adet', '');\" onclick=\"del('adet', '')\" onfocus=\"del('adet', '')\" onkeypress=\"return isNumberKey(event)\" class=\"uzunluk input form-control\" style=\"border-color:#293651;\"><\/div>\n <\/div>\n<\/div> \n\n<div class=\"col-md-6\" style=\"padding:20px;\">\n<div id=\"magirlik_alan\">\n<div class=\"veri\"><input name=\"magirlik\" type=\"text\" id=\"magirlik\" value=\"0\" disabled=\"disabled\" class=\"sonuc uzunluk  form-control\">  <\/div>\n <\/div>\n \n<div id=\"tagirlik_alan\">\n<div class=\"veri\"><input name=\"tagirlik\" type=\"text\" id=\"tagirlik\" value=\"0\" disabled=\"disabled\" class=\"sonuc uzunluk  form-control\">  \n<\/div>\n<\/div>\n\n\n<div id=\"butonlar\">\n<input class=\"btn btn-info\" name=\"submit\" type=\"button\" value=\"CALCULATION\" onclick=\"formkontrol();\" style=\"background:#293651;width:100%;margin-bottom:10px;\">\n<input class=\"btn btn-info\" name=\"submit\" type=\"button\" value=\"CLEAR\" onclick=\"temizle();\" style=\"background:#293651;width:100%;\">\n <\/div>\n <\/div>\n  <\/div> \n \n   <input type=\"hidden\" name=\"trp-form-language\" value=\"en\"\/><\/form>\t\t\t\t<\/div>\n\t\t\t\t<\/div>\n\t\t\r\n\t\t\t\t<div class=\"elementor-element elementor-element-0a28946 elementor-hidden-desktop elementor-widget elementor-widget-html\" data-id=\"0a28946\" data-element_type=\"widget\" data-widget_type=\"html.default\">\n\t\t\t\t<div class=\"elementor-widget-container\">\n\t\t\t\t\t <script>\n        function handleFocus(input) {\n            if (input.value === input.getAttribute('placeholder')) {\n                input.value = '';\n                input.classList.remove('placeholder');\n            }\n        }\n\n        function handleBlur(input) {\n            if (input.value === '') {\n                input.value = input.getAttribute('placeholder');\n                input.classList.add('placeholder');\n            }\n        }\n\n        document.addEventListener(\"DOMContentLoaded\", function() {\n            var inputs = document.querySelectorAll('input[type=\"text\"]');\n            inputs.forEach(function(input) {\n                var realValue = input.getAttribute('value');\n                if (realValue === '') {\n                    input.value = input.getAttribute('placeholder');\n                    input.classList.add('placeholder');\n                } else {\n                    input.value = input.getAttribute('placeholder');\n                    input.dataset.realValue = realValue; \/\/ Ger\u00e7ek de\u011feri saklay\u0131n\n                    input.classList.add('placeholder');\n                }\n                \n                input.addEventListener('focus', function() {\n                    if (input.value === input.getAttribute('placeholder')) {\n                        input.value = '';\n                        input.classList.remove('placeholder');\n                    }\n                });\n                input.addEventListener('blur', function() {\n                    if (input.value === '') {\n                        input.value = input.getAttribute('placeholder');\n                        input.classList.add('placeholder');\n                    }\n                });\n            });\n        });\n    <\/script>\n\n<form action=\"#\" method=\"post\" id=\"form1\" name=\"form1\" data-trp-original-action=\"#\">\n<div id=\"ana\" >\n <div class=\"col-md-6\" style=\"padding:20px;\">  \n<div id=\"cins_alan\">\n<div class=\"veri\">\n<select name=\"cins\" id=\"cins\" onchange=\"hesapla(); bosalt();\" class=\"uzunluk1 input form-control\" style=\"padding:15px;border-color:#293651;margin-bottom:20px;\">\n<option value=\"0\" selected=\"selected\">Select Section<\/option>\n<option value=\"1\">Round<\/option>\n<option value=\"2\">Hexagon<\/option>\n<option value=\"3\">Square<\/option>\n<option value=\"4\">Pipe<\/option>\n<option value=\"5\">Lama<\/option>\n<\/select>\n<\/div>\n<\/div>\n\n<div id=\"cap_alan\" style=\"display: none;\">\n\n<div class=\"veri\">\n<input name=\"cap\" type=\"text\" id=\"cap\" value=\"0\" placeholder=\"Enter Diameter Value*\" onblur=\"change2('cap', '');\" onclick=\"del('cap', '')\" onfocus=\"del('cap', '')\" onchange=\"hesapla()\" onkeypress=\"return isNumberKey(event)\" class=\"uzunluk input form-control\" style=\"border-color:#293651;\">\n<\/div>\n<\/div>\n\n\n <div id=\"dis_ceper_alan\" style=\"display: none;\">\n \n<div class=\"veri\"><input name=\"dis_ceper\" type=\"text\" id=\"dis_ceper\" value=\"0\" placeholder=\"Enter Outer Diameter Value*\" onchange=\"hesapla()\" onblur=\"change2('dis_ceper', '');\" onclick=\"del('dis_ceper', '')\" onfocus=\"del('dis_ceper', '')\" onkeypress=\"return isNumberKey(event)\" class=\"uzunluk input form-control\" style=\"border-color:#293651;\">\n<\/div>\n<\/div>\n\n\n<div id=\"et_kalinlik_alan\" style=\"display: none;\">\n\n<div class=\"veri\"><input name=\"et_kalinlik\" type=\"text\" id=\"et_kalinlik\" value=\"0\" placeholder=\"Enter the Wall Thickness Value*\" onchange=\"hesapla()\" onblur=\"change2('et_kalinlik', '');\" onclick=\"del('et_kalinlik', '')\" onfocus=\"del('et_kalinlik', '')\" onkeypress=\"return isNumberKey(event)\" class=\"uzunluk input form-control\" style=\"border-color:#293651;\">\n <\/div>\n <\/div>\n                                                                    \n<div id=\"en_alan\" style=\"display: block;\">\n\n<div class=\"veri\"><input name=\"en\" type=\"text\" id=\"en\" value=\"0\" placeholder=\"Enter the Maximum Value*\" onchange=\"hesapla()\" onblur=\"change2('en', '');\" onclick=\"del('en', '')\" onfocus=\"del('en', '')\" onkeypress=\"return isNumberKey(event)\" class=\"uzunluk input form-control\" style=\"border-color:#293651;\">\n<\/div>\n <\/div>\n \n <div id=\"kalinlik_alan\" style=\"display: block;\">\n\n<div class=\"veri\"><input name=\"kalinlik\" type=\"text\" id=\"kalinlik\" value=\"0\" placeholder=\"Enter Thickness Value*\" onchange=\"hesapla()\" onblur=\"change2('kalinlik', '');\" onclick=\"del('kalinlik', '')\" onfocus=\"del('kalinlik', '')\" onkeypress=\"return isNumberKey(event)\" class=\"uzunluk input form-control\" style=\"border-color:#293651;\">\n<\/div>\n <\/div>\n \n <div id=\"boy_alan\">\n\n<div class=\"veri\"><input name=\"boy\" type=\"text\" id=\"boy\" value=\"0\" placeholder=\"Enter Height Value*\" onchange=\"hesapla()\" onblur=\"change2('boy', '');\" onclick=\"del('boy', '')\" onfocus=\"del('boy', '')\" onkeypress=\"return isNumberKey(event)\" class=\"uzunluk input form-control\" style=\"border-color:#293651;\">\n<\/div>\n <\/div>\n \n \n<div id=\"adet_alan\">\n\n<div class=\"veri\"><input name=\"adet\" type=\"text\" id=\"adet\" value=\"0\" placeholder=\"Enter Quantity Value*\" onchange=\"hesapla()\" onblur=\"change2('adet', '');\" onclick=\"del('adet', '')\" onfocus=\"del('adet', '')\" onkeypress=\"return isNumberKey(event)\" class=\"uzunluk input form-control\" style=\"border-color:#293651;\"><\/div>\n <\/div>\n<\/div> \n<h4 style=\"margin-left:25px;\">Sonu\u00e7<\/h4>\n<div class=\"col-md-6\" style=\"padding:20px;\">\n<div id=\"magirlik_alan\">\n<div class=\"veri\"><input name=\"magirlik\" type=\"text\" id=\"magirlik\" value=\"0\" disabled=\"disabled\" class=\"sonuc uzunluk  form-control\">  <\/div>\n <\/div>\n \n<div id=\"tagirlik_alan\">\n<div class=\"veri\"><input name=\"tagirlik\" type=\"text\" id=\"tagirlik\" value=\"0\" disabled=\"disabled\" class=\"sonuc uzunluk  form-control\">  \n<\/div>\n<\/div>\n\n\n<div id=\"butonlar\">\n<input class=\"btn btn-info\" name=\"submit\" type=\"button\" value=\"CALCULATION\" onclick=\"formkontrol();\" style=\"background:#293651;width:100%;margin-bottom:10px;\">\n<input class=\"btn btn-info\" name=\"submit\" type=\"button\" value=\"CLEAR\" onclick=\"temizle();\" style=\"background:#293651;width:100%;\">\n <\/div>\n <\/div>\n  <\/div> \n \n   <input type=\"hidden\" name=\"trp-form-language\" value=\"en\"\/><\/form>\t\t\t\t<\/div>\n\t\t\t\t<\/div>\n\t\t\t\t\t<\/div>\n\t\t\t\t<\/div>\n\t\t\t\t<\/div>","protected":false},"excerpt":{"rendered":"<p>*\u00d6nemli Bilgi Do\u011fru hesaplama i\u00e7in l\u00fctfen t\u00fcm alanlar\u0131 doldurunuz ve mm olarak giri\u015f yap\u0131n\u0131z. Kesit Se\u00e7inizYuvarlakAlt\u0131genKareBoruLama Kesit Se\u00e7inizYuvarlakAlt\u0131genKareBoruLama Sonu\u00e7<\/p>","protected":false},"author":1,"featured_media":0,"parent":0,"menu_order":0,"comment_status":"closed","ping_status":"closed","template":"elementor_header_footer","meta":{"footnotes":""},"class_list":["post-30135","page","type-page","status-publish","hentry"],"_links":{"self":[{"href":"https:\/\/zaferdemircelik.com\/en\/wp-json\/wp\/v2\/pages\/30135","targetHints":{"allow":["GET"]}}],"collection":[{"href":"https:\/\/zaferdemircelik.com\/en\/wp-json\/wp\/v2\/pages"}],"about":[{"href":"https:\/\/zaferdemircelik.com\/en\/wp-json\/wp\/v2\/types\/page"}],"author":[{"embeddable":true,"href":"https:\/\/zaferdemircelik.com\/en\/wp-json\/wp\/v2\/users\/1"}],"replies":[{"embeddable":true,"href":"https:\/\/zaferdemircelik.com\/en\/wp-json\/wp\/v2\/comments?post=30135"}],"version-history":[{"count":145,"href":"https:\/\/zaferdemircelik.com\/en\/wp-json\/wp\/v2\/pages\/30135\/revisions"}],"predecessor-version":[{"id":31190,"href":"https:\/\/zaferdemircelik.com\/en\/wp-json\/wp\/v2\/pages\/30135\/revisions\/31190"}],"wp:attachment":[{"href":"https:\/\/zaferdemircelik.com\/en\/wp-json\/wp\/v2\/media?parent=30135"}],"curies":[{"name":"wp","href":"https:\/\/api.w.org\/{rel}","templated":true}]}}