{"id":26,"date":"2024-01-03T11:06:22","date_gmt":"2024-01-03T11:06:22","guid":{"rendered":"http:\/\/192.168.0.130:10046\/?page_id=26"},"modified":"2025-09-29T11:29:44","modified_gmt":"2025-09-29T11:29:44","slug":"urunler","status":"publish","type":"page","link":"https:\/\/zaferdemircelik.com\/en\/urunler\/","title":{"rendered":"Products"},"content":{"rendered":"<div data-elementor-type=\"wp-page\" data-elementor-id=\"26\" class=\"elementor elementor-26\">\n\t\t\t\t\r\n\t\t<div class=\"default no-position show_shadow rs-sticky-default elementor-element elementor-element-e8256c4 e-flex e-con-boxed e-con e-parent\" data-id=\"e8256c4\" data-element_type=\"container\" data-settings=\"{&quot;background_background&quot;:&quot;classic&quot;}\">\n\t\t\t\t\t<div class=\"e-con-inner\">\n\t\t\r\n\t\t\t\t<div class=\"elementor-element elementor-element-6cd2288 elementor-widget elementor-widget-rs-service-slider\" data-id=\"6cd2288\" data-element_type=\"widget\" data-widget_type=\"rs-service-slider.default\">\n\t\t\t\t<div class=\"elementor-widget-container\">\n\t\t\t\t\t        \r\n                    <div class=\"rsaddon-unique-slider\">\r\n                <div id=\"rsaddon-slick-slider-4521\" class=\"rs-addon-slider rs-addon-slider-4521 rs-services-slider   service-style-2 slick-dots-2\">\r\n        \r\n                <div class=\"grid-item\">\r\n    <div class=\"rs-service-slider\">    \r\n                <div class=\"service-img\">\r\n                <a href=\"https:\/\/zaferdemircelik.com\/en\/urunler\/karbon-celikleri\/\" >\r\n                <img decoding=\"async\" src=\"https:\/\/zaferdemircelik.com\/wp-content\/uploads\/2025\/09\/Adsiz-tasarim-2025-09-29T124033.129.png\" title=\"Ads\u0131z tasar\u0131m &#8211; 2025-09-29T124033.129\" alt=\"Ads\u0131z tasar\u0131m - 2025-09-29T124033.129\" loading=\"lazy\" \/>            <\/a>\r\n                \r\n            <\/div>\r\n        \r\n        <div class=\"service-title-holder btn_box fadeInUp\">\r\n            \r\n                                                <div class=\"service-title\">\r\n                    <h3 class=\"title\">\r\n                        <a href=\"https:\/\/zaferdemircelik.com\/en\/urunler\/karbon-celikleri\/\" >\r\n                             Carbon Steels                        <\/a>\r\n                        <\/h3>\r\n                    <\/div>\r\n                            \r\n                                        <div class=\"numbering\">\r\n                    <span>01<\/span>\r\n                <\/div>\r\n                        <!-- Button Style -->\r\n                        <!-- Button Style End -->\r\n        <\/div>\r\n    <\/div>\r\n<\/div>                    <div class=\"grid-item\">\r\n    <div class=\"rs-service-slider\">    \r\n                <div class=\"service-img\">\r\n                <a href=\"https:\/\/zaferdemircelik.com\/en\/urunler\/alasimli-celikler\/\" >\r\n                <img decoding=\"async\" src=\"https:\/\/zaferdemircelik.com\/wp-content\/uploads\/2025\/09\/Adsiz-tasarim-2025-09-29T124143.205.png\" title=\"Ads\u0131z tasar\u0131m &#8211; 2025-09-29T124143.205\" alt=\"Ads\u0131z tasar\u0131m - 2025-09-29T124143.205\" loading=\"lazy\" \/>            <\/a>\r\n                \r\n            <\/div>\r\n        \r\n        <div class=\"service-title-holder btn_box fadeInUp\">\r\n            \r\n                                                <div class=\"service-title\">\r\n                    <h3 class=\"title\">\r\n                        <a href=\"https:\/\/zaferdemircelik.com\/en\/urunler\/alasimli-celikler\/\" >\r\n                             Alloy Steel                        <\/a>\r\n                        <\/h3>\r\n                    <\/div>\r\n                            \r\n                                        <div class=\"numbering\">\r\n                    <span>02<\/span>\r\n                <\/div>\r\n                        <!-- Button Style -->\r\n                        <!-- Button Style End -->\r\n        <\/div>\r\n    <\/div>\r\n<\/div>                    <div class=\"grid-item\">\r\n    <div class=\"rs-service-slider\">    \r\n                <div class=\"service-img\">\r\n                <a href=\"https:\/\/zaferdemircelik.com\/en\/urunler\/soguk-is-takim-celigi\/\" >\r\n                <img decoding=\"async\" src=\"https:\/\/zaferdemircelik.com\/wp-content\/uploads\/2025\/09\/Adsiz-tasarim-2025-09-29T124235.449.png\" title=\"Ads\u0131z tasar\u0131m &#8211; 2025-09-29T124235.449\" alt=\"Ads\u0131z tasar\u0131m - 2025-09-29T124235.449\" loading=\"lazy\" \/>            <\/a>\r\n                \r\n            <\/div>\r\n        \r\n        <div class=\"service-title-holder btn_box fadeInUp\">\r\n            \r\n                                                <div class=\"service-title\">\r\n                    <h3 class=\"title\">\r\n                        <a href=\"https:\/\/zaferdemircelik.com\/en\/urunler\/soguk-is-takim-celigi\/\" >\r\n                             Cold Work Tool Steel                        <\/a>\r\n                        <\/h3>\r\n                    <\/div>\r\n                            \r\n                                        <div class=\"numbering\">\r\n                    <span>03<\/span>\r\n                <\/div>\r\n                        <!-- Button Style -->\r\n                        <!-- Button Style End -->\r\n        <\/div>\r\n    <\/div>\r\n<\/div>                            <\/div>\r\n                            <div class=\"rsaddon-slider-conf wpsisac-hide\" data-conf=\"{&quot;slidesToShow&quot;:&quot;3&quot;,&quot;autoplaySpeed&quot;:&quot;3000&quot;,&quot;interval&quot;:&quot;3000&quot;,&quot;slidesToScroll&quot;:&quot;2&quot;,&quot;slider_autoplay&quot;:&quot;false&quot;,&quot;pauseOnHover&quot;:&quot;false&quot;,&quot;sliderDots&quot;:&quot;false&quot;,&quot;sliderNav&quot;:&quot;false&quot;,&quot;infinite&quot;:&quot;false&quot;,&quot;centerMode&quot;:&quot;false&quot;,&quot;col_lg&quot;:&quot;3&quot;,&quot;col_md&quot;:&quot;2&quot;,&quot;col_sm&quot;:&quot;2&quot;,&quot;col_xs&quot;:&quot;1&quot;}\"><\/div>\r\n                    <\/div>\r\n                <script type=\"text\/javascript\">\r\n            jQuery(document).ready(function() {\r\n                jQuery('.rs-addon-slider-4521').each(function(index) {\r\n                    var slider_id = jQuery(this).attr('id');\r\n                    var slider_conf = jQuery.parseJSON(jQuery(this).closest('.rsaddon-unique-slider').find('.rsaddon-slider-conf').attr('data-conf'));\r\n\r\n                    if (typeof(slider_id) != 'undefined' && slider_id != '') {\r\n                        jQuery('#' + slider_id).not('.slick-initialized').slick({\r\n                            slidesToShow: parseInt(slider_conf.col_lg),\r\n                            centerMode: (slider_conf.centerMode) == \"true\" ? true : false,\r\n                            dots: (slider_conf.sliderDots) == \"true\" ? true : false,\r\n                            arrows: (slider_conf.sliderNav) == \"true\" ? true : false,\r\n                            autoplay: (slider_conf.slider_autoplay) == \"true\" ? true : false,\r\n                            slidesToScroll: parseInt(slider_conf.slidesToScroll),\r\n                            centerPadding: '15px',\r\n                            autoplaySpeed: parseInt(slider_conf.autoplaySpeed),\r\n                            pauseOnHover: (slider_conf.pauseOnHover) == \"true\" ? true : false,\r\n                            loop: false,\r\n                                                       responsive: [{\r\n                                    breakpoint: 1200,\r\n                                    settings: {\r\n                                        slidesToShow: parseInt(slider_conf.col_md),\r\n                                    }\r\n                                },\r\n                                {\r\n                                    breakpoint: 992,\r\n                                    settings: {\r\n                                        slidesToShow: parseInt(slider_conf.col_sm),\r\n                                    }\r\n                                },\r\n                                {\r\n                                    breakpoint: 768,\r\n                                    settings: {\r\n                                        arrows: false,\r\n                                        slidesToShow: parseInt(slider_conf.col_xs),\r\n                                    }\r\n                                },\r\n                            ]\r\n                        });\r\n                    }\r\n\r\n                });\r\n            });\r\n        <\/script>\r\n\t\t\t\t<\/div>\n\t\t\t\t<\/div>\n\t\t\r\n\t\t\t\t<div class=\"elementor-element elementor-element-468f935 elementor-widget elementor-widget-rs-service-slider\" data-id=\"468f935\" data-element_type=\"widget\" data-widget_type=\"rs-service-slider.default\">\n\t\t\t\t<div class=\"elementor-widget-container\">\n\t\t\t\t\t        \r\n                    <div class=\"rsaddon-unique-slider\">\r\n                <div id=\"rsaddon-slick-slider-15766\" class=\"rs-addon-slider rs-addon-slider-15766 rs-services-slider   service-style-2 slick-dots-2\">\r\n        \r\n                <div class=\"grid-item\">\r\n    <div class=\"rs-service-slider\">    \r\n                <div class=\"service-img\">\r\n                <a href=\"https:\/\/zaferdemircelik.com\/en\/urunler\/sicak-is-takim-celigi\/\" >\r\n                <img decoding=\"async\" src=\"https:\/\/zaferdemircelik.com\/wp-content\/uploads\/2025\/09\/Adsiz-tasarim-2025-09-29T124348.107.png\" title=\"Ads\u0131z tasar\u0131m &#8211; 2025-09-29T124348.107\" alt=\"Ads\u0131z tasar\u0131m - 2025-09-29T124348.107\" loading=\"lazy\" \/>            <\/a>\r\n                \r\n            <\/div>\r\n        \r\n        <div class=\"service-title-holder btn_box fadeInUp\">\r\n            \r\n                                                <div class=\"service-title\">\r\n                    <h3 class=\"title\">\r\n                        <a href=\"https:\/\/zaferdemircelik.com\/en\/urunler\/sicak-is-takim-celigi\/\" >\r\n                             Hot Work Tool Steel                        <\/a>\r\n                        <\/h3>\r\n                    <\/div>\r\n                            \r\n                                        <div class=\"numbering\">\r\n                    <span>04<\/span>\r\n                <\/div>\r\n                        <!-- Button Style -->\r\n                        <!-- Button Style End -->\r\n        <\/div>\r\n    <\/div>\r\n<\/div>                    <div class=\"grid-item\">\r\n    <div class=\"rs-service-slider\">    \r\n                <div class=\"service-img\">\r\n                <a href=\"https:\/\/zaferdemircelik.com\/en\/urunler\/yuksek-hiz-celigi\/\" >\r\n                <img decoding=\"async\" src=\"https:\/\/zaferdemircelik.com\/wp-content\/uploads\/2025\/09\/Adsiz-tasarim-2025-09-29T124457.222.png\" title=\"Ads\u0131z tasar\u0131m &#8211; 2025-09-29T124457.222\" alt=\"Ads\u0131z tasar\u0131m - 2025-09-29T124457.222\" loading=\"lazy\" \/>            <\/a>\r\n                \r\n            <\/div>\r\n        \r\n        <div class=\"service-title-holder btn_box fadeInUp\">\r\n            \r\n                                                <div class=\"service-title\">\r\n                    <h3 class=\"title\">\r\n                        <a href=\"https:\/\/zaferdemircelik.com\/en\/urunler\/yuksek-hiz-celigi\/\" >\r\n                             High Speed Steel                        <\/a>\r\n                        <\/h3>\r\n                    <\/div>\r\n                            \r\n                                        <div class=\"numbering\">\r\n                    <span>05<\/span>\r\n                <\/div>\r\n                        <!-- Button Style -->\r\n                        <!-- Button Style End -->\r\n        <\/div>\r\n    <\/div>\r\n<\/div>                            <\/div>\r\n                            <div class=\"rsaddon-slider-conf wpsisac-hide\" data-conf=\"{&quot;slidesToShow&quot;:&quot;3&quot;,&quot;autoplaySpeed&quot;:&quot;3000&quot;,&quot;interval&quot;:&quot;3000&quot;,&quot;slidesToScroll&quot;:&quot;2&quot;,&quot;slider_autoplay&quot;:&quot;false&quot;,&quot;pauseOnHover&quot;:&quot;false&quot;,&quot;sliderDots&quot;:&quot;false&quot;,&quot;sliderNav&quot;:&quot;false&quot;,&quot;infinite&quot;:&quot;false&quot;,&quot;centerMode&quot;:&quot;false&quot;,&quot;col_lg&quot;:&quot;3&quot;,&quot;col_md&quot;:&quot;2&quot;,&quot;col_sm&quot;:&quot;2&quot;,&quot;col_xs&quot;:&quot;1&quot;}\"><\/div>\r\n                    <\/div>\r\n                <script type=\"text\/javascript\">\r\n            jQuery(document).ready(function() {\r\n                jQuery('.rs-addon-slider-15766').each(function(index) {\r\n                    var slider_id = jQuery(this).attr('id');\r\n                    var slider_conf = jQuery.parseJSON(jQuery(this).closest('.rsaddon-unique-slider').find('.rsaddon-slider-conf').attr('data-conf'));\r\n\r\n                    if (typeof(slider_id) != 'undefined' && slider_id != '') {\r\n                        jQuery('#' + slider_id).not('.slick-initialized').slick({\r\n                            slidesToShow: parseInt(slider_conf.col_lg),\r\n                            centerMode: (slider_conf.centerMode) == \"true\" ? true : false,\r\n                            dots: (slider_conf.sliderDots) == \"true\" ? true : false,\r\n                            arrows: (slider_conf.sliderNav) == \"true\" ? true : false,\r\n                            autoplay: (slider_conf.slider_autoplay) == \"true\" ? true : false,\r\n                            slidesToScroll: parseInt(slider_conf.slidesToScroll),\r\n                            centerPadding: '15px',\r\n                            autoplaySpeed: parseInt(slider_conf.autoplaySpeed),\r\n                            pauseOnHover: (slider_conf.pauseOnHover) == \"true\" ? true : false,\r\n                            loop: false,\r\n                                                       responsive: [{\r\n                                    breakpoint: 1200,\r\n                                    settings: {\r\n                                        slidesToShow: parseInt(slider_conf.col_md),\r\n                                    }\r\n                                },\r\n                                {\r\n                                    breakpoint: 992,\r\n                                    settings: {\r\n                                        slidesToShow: parseInt(slider_conf.col_sm),\r\n                                    }\r\n                                },\r\n                                {\r\n                                    breakpoint: 768,\r\n                                    settings: {\r\n                                        arrows: false,\r\n                                        slidesToShow: parseInt(slider_conf.col_xs),\r\n                                    }\r\n                                },\r\n                            ]\r\n                        });\r\n                    }\r\n\r\n                });\r\n            });\r\n        <\/script>\r\n\t\t\t\t<\/div>\n\t\t\t\t<\/div>\n\t\t\t\t\t<\/div>\n\t\t\t\t<\/div>\n\t\t\t\t<\/div>","protected":false},"excerpt":{"rendered":"<p>Karbon \u00c7elikleri 01 Ala\u015f\u0131ml\u0131 \u00c7elik 02 So\u011fuk \u0130\u015f Tak\u0131m \u00c7eli\u011fi 03 S\u0131cak \u0130\u015f Tak\u0131m \u00c7eli\u011fi 04 Y\u00fcksek H\u0131z \u00c7eli\u011fi 05<\/p>","protected":false},"author":1,"featured_media":0,"parent":0,"menu_order":0,"comment_status":"closed","ping_status":"closed","template":"elementor_header_footer","meta":{"footnotes":""},"class_list":["post-26","page","type-page","status-publish","hentry"],"_links":{"self":[{"href":"https:\/\/zaferdemircelik.com\/en\/wp-json\/wp\/v2\/pages\/26","targetHints":{"allow":["GET"]}}],"collection":[{"href":"https:\/\/zaferdemircelik.com\/en\/wp-json\/wp\/v2\/pages"}],"about":[{"href":"https:\/\/zaferdemircelik.com\/en\/wp-json\/wp\/v2\/types\/page"}],"author":[{"embeddable":true,"href":"https:\/\/zaferdemircelik.com\/en\/wp-json\/wp\/v2\/users\/1"}],"replies":[{"embeddable":true,"href":"https:\/\/zaferdemircelik.com\/en\/wp-json\/wp\/v2\/comments?post=26"}],"version-history":[{"count":14,"href":"https:\/\/zaferdemircelik.com\/en\/wp-json\/wp\/v2\/pages\/26\/revisions"}],"predecessor-version":[{"id":31229,"href":"https:\/\/zaferdemircelik.com\/en\/wp-json\/wp\/v2\/pages\/26\/revisions\/31229"}],"wp:attachment":[{"href":"https:\/\/zaferdemircelik.com\/en\/wp-json\/wp\/v2\/media?parent=26"}],"curies":[{"name":"wp","href":"https:\/\/api.w.org\/{rel}","templated":true}]}}